{"id":513,"date":"2020-02-25T18:28:41","date_gmt":"2020-02-25T17:28:41","guid":{"rendered":"https:\/\/www.csenarchery.org\/?page_id=513"},"modified":"2025-09-12T09:05:08","modified_gmt":"2025-09-12T07:05:08","slug":"taluni-aspetti-sanitari","status":"publish","type":"page","link":"https:\/\/www.csenarchery.org\/index.php\/taluni-aspetti-sanitari\/","title":{"rendered":"Aspetti medico sportivi \/ sanitari"},"content":{"rendered":"\n<p class=\"has-text-align-center\" style=\"font-size:18px\"><strong>CIRCA I CERTIFICATI MEDICI<\/strong><\/p>\n\n\n\n<p>ATTENZIONE: <strong><em>LE SOCIETA&#8217; AFFILIATE SONO TENUTE, IN OCCASIONE del tesseramento dei propri atleti e DELLE GARE CSEN DA QUESTE ORGANIZZATE<\/em><\/strong>, a richiedere il possesso e l\u2019esibizione (verificandone l\u2019attuale validit\u00e0 al momento della prestazione sportiva) &#8211; <em><strong>a TUTTI gli iscritti <\/strong><\/em>&#8211;  del <strong><em>CERTIFICATO <\/em><\/strong><em>MEDICO SPORTIVO<\/em><strong><em> NON AGONISTICO<\/em><\/strong> (rilasciato <strong>esclusivamente <\/strong>dal proprio medico di famiglia, validit\u00e0 un anno), o <strong>alternativamente e fortemente consigliato sia dalla Presidenza CSEN sia dal nostro Settore, <\/strong>del <strong><em>CERTIFICATO <\/em><\/strong><em>MEDICO SPORTIVO<\/em><strong><em> AGONISTICO<\/em><\/strong> specifico per il Tiro con l\u2019Arco (rilasciato da medici dello sport, validit\u00e0 due anni) ovvero il <strong><em>CERTIFICATO PER GLI ATLETI DEL COMITATO ITALIANO PARALIMPICO<\/em><\/strong> (specifico per il Tiro con l\u2019Arco) qualora ne fossero in possesso; in quest\u2019ultimo caso non dovr\u00e0 essere richiesto alcun ulteriore certificato.<\/p>\n\n\n\n<p><strong>Le ASD sono tenute a inibire<\/strong> l\u2019attivit\u00e0 sportiva in genere nonch\u00e9 la partecipazione alle gare a TUTTI coloro che fossero sprovvisti di certificazione medica in corso di validit\u00e0 o che non esibissero tale certificato qualora richiesto alla conferma pre-gara.<\/p>\n\n\n\n<p class=\"has-text-align-center\" style=\"font-size:18px\"><strong>CIRCA LA BORSA MEDICA<\/strong><\/p>\n\n\n\n<p><strong>Presso ogni campo di tiro ed in occasione di ogni GARA dovr\u00e0 essere presente una borsa contenente le dotazioni di primo soccorso come indicato nel testo del Decreto del Ministero della Salute 15 luglio 2003, n. 388.<\/strong><\/p>\n\n\n\n<p class=\"has-text-align-center\" style=\"font-size:18px\"><strong>CIRCA IL MEDICO E L&#8217;AMBULANZA<\/strong><\/p>\n\n\n\n<p><strong>Nelle GARE che si svolgono a pi\u00f9 di 15 km da un centro di pronto soccorso, dovr\u00e0 essere prevista la presenza sul campo di un medico o di una ambulanza<\/strong>.<\/p>\n","protected":false},"excerpt":{"rendered":"<p>CIRCA I CERTIFICATI MEDICI ATTENZIONE: LE SOCIETA&#8217; AFFILIATE SONO TENUTE, IN OCCASIONE del tesseramento dei propri atleti e DELLE GARE<\/p>\n","protected":false},"author":1,"featured_media":0,"parent":0,"menu_order":0,"comment_status":"closed","ping_status":"closed","template":"","meta":[],"folder":[],"yoast_head":"<!-- This site is optimized with the Yoast SEO plugin v15.6.2 - https:\/\/yoast.com\/wordpress\/plugins\/seo\/ -->\n<title>Aspetti medico sportivi \/ sanitari - CSEN Settore Nazionale Tiro con l&#039;Arco<\/title>\n<meta name=\"robots\" content=\"index, follow, max-snippet:-1, max-image-preview:large, max-video-preview:-1\" \/>\n<link rel=\"canonical\" href=\"https:\/\/www.csenarchery.org\/index.php\/taluni-aspetti-sanitari\/\" \/>\n<meta property=\"og:locale\" content=\"it_IT\" \/>\n<meta property=\"og:type\" content=\"article\" \/>\n<meta property=\"og:title\" content=\"Aspetti medico sportivi \/ sanitari - CSEN Settore Nazionale Tiro con l&#039;Arco\" \/>\n<meta property=\"og:description\" content=\"CIRCA I CERTIFICATI MEDICI ATTENZIONE: LE SOCIETA&#8217; AFFILIATE SONO TENUTE, IN OCCASIONE del tesseramento dei propri atleti e DELLE GARE\" \/>\n<meta property=\"og:url\" content=\"https:\/\/www.csenarchery.org\/index.php\/taluni-aspetti-sanitari\/\" \/>\n<meta property=\"og:site_name\" content=\"CSEN Settore Nazionale Tiro con l&#039;Arco\" \/>\n<meta property=\"article:modified_time\" content=\"2025-09-12T07:05:08+00:00\" \/>\n<meta name=\"twitter:card\" content=\"summary_large_image\" \/>\n<meta name=\"twitter:label1\" content=\"Tempo di lettura stimato\">\n\t<meta name=\"twitter:data1\" content=\"2 minuti\">\n<script type=\"application\/ld+json\" class=\"yoast-schema-graph\">{\"@context\":\"https:\/\/schema.org\",\"@graph\":[{\"@type\":\"Organization\",\"@id\":\"https:\/\/www.csenarchery.org\/#organization\",\"name\":\"Csen Archery\",\"url\":\"https:\/\/www.csenarchery.org\/\",\"sameAs\":[],\"logo\":{\"@type\":\"ImageObject\",\"@id\":\"https:\/\/www.csenarchery.org\/#logo\",\"inLanguage\":\"it-IT\",\"url\":\"\",\"caption\":\"Csen Archery\"},\"image\":{\"@id\":\"https:\/\/www.csenarchery.org\/#logo\"}},{\"@type\":\"WebSite\",\"@id\":\"https:\/\/www.csenarchery.org\/#website\",\"url\":\"https:\/\/www.csenarchery.org\/\",\"name\":\"CSEN Settore Nazionale Tiro con l&#039;Arco\",\"description\":\"\",\"publisher\":{\"@id\":\"https:\/\/www.csenarchery.org\/#organization\"},\"potentialAction\":[{\"@type\":\"SearchAction\",\"target\":\"https:\/\/www.csenarchery.org\/?s={search_term_string}\",\"query-input\":\"required name=search_term_string\"}],\"inLanguage\":\"it-IT\"},{\"@type\":\"WebPage\",\"@id\":\"https:\/\/www.csenarchery.org\/index.php\/taluni-aspetti-sanitari\/#webpage\",\"url\":\"https:\/\/www.csenarchery.org\/index.php\/taluni-aspetti-sanitari\/\",\"name\":\"Aspetti medico sportivi \/ sanitari - CSEN Settore Nazionale Tiro con l&#039;Arco\",\"isPartOf\":{\"@id\":\"https:\/\/www.csenarchery.org\/#website\"},\"datePublished\":\"2020-02-25T17:28:41+00:00\",\"dateModified\":\"2025-09-12T07:05:08+00:00\",\"breadcrumb\":{\"@id\":\"https:\/\/www.csenarchery.org\/index.php\/taluni-aspetti-sanitari\/#breadcrumb\"},\"inLanguage\":\"it-IT\",\"potentialAction\":[{\"@type\":\"ReadAction\",\"target\":[\"https:\/\/www.csenarchery.org\/index.php\/taluni-aspetti-sanitari\/\"]}]},{\"@type\":\"BreadcrumbList\",\"@id\":\"https:\/\/www.csenarchery.org\/index.php\/taluni-aspetti-sanitari\/#breadcrumb\",\"itemListElement\":[{\"@type\":\"ListItem\",\"position\":1,\"item\":{\"@type\":\"WebPage\",\"@id\":\"https:\/\/www.csenarchery.org\/\",\"url\":\"https:\/\/www.csenarchery.org\/\",\"name\":\"Home\"}},{\"@type\":\"ListItem\",\"position\":2,\"item\":{\"@type\":\"WebPage\",\"@id\":\"https:\/\/www.csenarchery.org\/index.php\/taluni-aspetti-sanitari\/\",\"url\":\"https:\/\/www.csenarchery.org\/index.php\/taluni-aspetti-sanitari\/\",\"name\":\"Aspetti medico sportivi \/ sanitari\"}}]}]}<\/script>\n<!-- \/ Yoast SEO plugin. -->","_links":{"self":[{"href":"https:\/\/www.csenarchery.org\/index.php\/wp-json\/wp\/v2\/pages\/513"}],"collection":[{"href":"https:\/\/www.csenarchery.org\/index.php\/wp-json\/wp\/v2\/pages"}],"about":[{"href":"https:\/\/www.csenarchery.org\/index.php\/wp-json\/wp\/v2\/types\/page"}],"author":[{"embeddable":true,"href":"https:\/\/www.csenarchery.org\/index.php\/wp-json\/wp\/v2\/users\/1"}],"replies":[{"embeddable":true,"href":"https:\/\/www.csenarchery.org\/index.php\/wp-json\/wp\/v2\/comments?post=513"}],"version-history":[{"count":15,"href":"https:\/\/www.csenarchery.org\/index.php\/wp-json\/wp\/v2\/pages\/513\/revisions"}],"predecessor-version":[{"id":3243,"href":"https:\/\/www.csenarchery.org\/index.php\/wp-json\/wp\/v2\/pages\/513\/revisions\/3243"}],"wp:attachment":[{"href":"https:\/\/www.csenarchery.org\/index.php\/wp-json\/wp\/v2\/media?parent=513"}],"wp:term":[{"taxonomy":"folder","embeddable":true,"href":"https:\/\/www.csenarchery.org\/index.php\/wp-json\/wp\/v2\/folder?post=513"}],"curies":[{"name":"wp","href":"https:\/\/api.w.org\/{rel}","templated":true}]}}