{"id":623,"date":"2020-02-27T22:41:59","date_gmt":"2020-02-27T21:41:59","guid":{"rendered":"https:\/\/www.csenarchery.org\/?page_id=623"},"modified":"2020-02-27T22:42:00","modified_gmt":"2020-02-27T21:42:00","slug":"privacy-e-cookie-policy","status":"publish","type":"page","link":"https:\/\/www.csenarchery.org\/index.php\/privacy-e-cookie-policy\/","title":{"rendered":"Privacy e Cookie policy"},"content":{"rendered":"\n<p><strong>Privacy CSEN<\/strong> <\/p>\n\n\n\n<p><\/p>\n\n\n\n<p><a href=\"http:\/\/www.csen.it\/privacy.html\">http:\/\/www.csen.it\/privacy.html<\/a><\/p>\n\n\n\n<p><strong>COOKIE POLICY<\/strong><\/p>\n\n\n\n<p>Modalit\u00e0 di gestione del sito in riferimento al trattamento dei dati personali degli utenti che lo consultano.<\/p>\n\n\n\n<p><strong>1.&nbsp; Perch\u00e9 questo avviso<\/strong><\/p>\n\n\n\n<p>Si tratta di un&#8217;informativa che \u00e8 resa, ai sensi del Regolamento UE 679\/2016 (nel seguito \u201cGDPR\u201d) a coloro che interagiscono in generale con il sito dello CSEN a partire dall\u2019indirizzo: <a href=\"http:\/\/www.csen.it\/\">http:\/\/www.csen.it\/<\/a> e <a href=\"http:\/\/www.csenarchery.org\">http:\/\/www.csenarchery.org<\/a> (\u201c<strong>Sito<\/strong>\u201d)<\/p>\n\n\n\n<p><strong>La presenza dell\u2019informativa nel footer della pagina assicura l\u2019utente di trovarsi all\u2019interno della pagina del Sito.<\/strong><\/p>\n\n\n\n<p>La presente informativa \u00e8 resa solo per il presente sito e non anche per altri siti&nbsp;web&nbsp;eventualmente consultati dall&#8217;utente tramite&nbsp;link.<\/p>\n\n\n\n<p><strong>2.&nbsp; Tipologia di dati trattati<\/strong><\/p>\n\n\n\n<p>CSEN, in qualit\u00e0 di titolare del trattamento, rende noto che a seguito dell&#8217;inserimento di proprie informazioni su questo sito o tramite l\u2019autenticazione a servizi web offerti CSEN possono essere trattati dati relativi a persone identificate o identificabili.<\/p>\n\n\n\n<p><strong><em>2.1 Cookie<\/em><\/strong><\/p>\n\n\n\n<p><strong>2.1.1&nbsp;&nbsp; Finalit\u00e0 di utilizzo dei cookie<\/strong><\/p>\n\n\n\n<p>Il Sito utilizza alcuni cookie per rendere i propri servizi semplici da navigare e fruire in modo efficiente delle pagine web <strong>CSEN<\/strong>. I cookie utilizzati consentono inoltre di migliorare il servizio reso agli utenti, rendendo pi\u00f9 efficace l&#8217;uso dello stesso e\/o abilitando determinate funzionalit\u00e0.&nbsp;<\/p>\n\n\n\n<p><strong>2.1.2 Cookie utilizzati<\/strong><\/p>\n\n\n\n<p>Il Sito utilizza <strong>cookie tecnici<\/strong> che per permettere agli utenti di usufruire dei servizi richiesti tramite lo stesso. Senza questi cookie, non sarebbe possibile fornire i servizi richiesti. Per esempio, i cookie tecnici possono essere utilizzati per ricordare eventuali azioni eseguite dall&#8217;utente quando si torna alla pagina precedete di una sessione.<\/p>\n\n\n\n<p>Il Sito si avvale del servizio Google Analytics della societ\u00e0 Google, Inc. per la generazione di statistiche sull\u2019utilizzo del portale web; Google Analytics utilizza cookie (non di terze parti) che non memorizzano dati personali. Le informazioni ricavabili dai cookie sull\u2019utilizzo del sito web da parte degli utenti (compresi gli indirizzi IP) verranno trasmesse dal browser dell\u2019utente a Google, con sede a 1600 Amphitheatre Parkway, Mountain View, CA 94043, Stati Uniti, e depositate presso i server della societ\u00e0 stessa. Utilizzando il Sito si acconsente al trattamento dei propri dati da parte di Google per le modalit\u00e0 e i fini sopra indicati.<\/p>\n\n\n\n<p>Secondo i&nbsp;<a href=\"http:\/\/www.google.com\/analytics\/terms\/it.html\">termini di servizio<\/a>&nbsp;in essere, Google utilizzer\u00e0 queste informazioni, in qualit\u00e0 di titolare autonomo del trattamento, allo scopo di tracciare e esaminare l\u2019utilizzo del sito web, compilare report sulle attivit\u00e0 del sito ad uso degli operatori del sito stesso e fornire altri servizi relativi alle attivit\u00e0 del sito web, alle modalit\u00e0 di connessione (mobile, pc, browser utilizzato etc.) e alle modalit\u00e0 di ricerca e raggiungimento delle pagine del portale. Google pu\u00f2 anche trasferire queste informazioni a terzi ove ci\u00f2 sia imposto dalla legge o laddove tali terzi trattino le suddette informazioni per conto di Google. Google non assocer\u00e0 gli indirizzi IP a nessun altro dato posseduto da Google.<\/p>\n\n\n\n<p>Per consultare l&#8217;informativa privacy della societ\u00e0 Google, relativa al servizio Google Analytics, si prega di visitare il sito Internet&nbsp;<a href=\"http:\/\/www.google.com\/intl\/en\/analytics\/privacyoverview.html\">http:\/\/www.google.com\/intl\/en\/analytics\/privacyoverview.html<\/a>.<\/p>\n\n\n\n<p>Per conoscere le norme sulla privacy di Google, si invita a vistare il sito Internet&nbsp;<a href=\"http:\/\/www.google.com\/intl\/it\/privacy\/privacy-policy.html\">http:\/\/www.google.com\/intl\/it\/privacy\/privacy-policy.html<\/a>.<\/p>\n\n\n\n<p>I cookie di monitoraggio possono essere disabilitati senza nessuna conseguenza sulla navigazione del portale: per disabilitarli si veda la sezione successiva \u201cCome disabilitare i cookie mediante configurazione del browser.<\/p>\n\n\n\n<p>Il Sito utilizza anche <strong>cookie di profilazione<\/strong>. I sistemi informatici per la fruizione di questo sito web acquisiscono alcuni dati che permettono, a livello di navigazione, di facilitare l\u2019accesso e la fruizione del sito memorizzando i dati di accesso come l\u2019e-mail e la preferenza di lingue impostata. Detti cookie non hanno scopi di \u201cpubblicitari\/di marketing\u201c.&nbsp; I dati tuttavia potrebbero essere utilizzati per l&#8217;accertamento di responsabilit\u00e0 in caso di ipotetici reati informatici ai danni del sito: salva questa eventualit\u00e0, allo stato attuale i dati raccolti non persistono per pi\u00f9 di 24 mesi.<\/p>\n\n\n\n<p>Ti chiediamo quindi di esprimere di seguito la tua volont\u00e0 evidenziando che, laddove non effettuassi alcuna scelta e decidessi di proseguire comunque con la navigazione all\u2019interno del presente sito web, acconsentirai all\u2019uso di tali cookie.<\/p>\n\n\n\n<p><strong>2.1.3&nbsp;&nbsp; Siti web e servizi di terze parti<\/strong><\/p>\n\n\n\n<p>Il Sito potrebbe contenere collegamenti ad altri siti web che dispongono di una propria informativa privacy.<\/p>\n\n\n\n<p>CSEN non risponde del trattamento dei dati svolto da tali siti. In particolare, il sito web utilizza i cosiddetti social plug-in (&#8220;plug-in&#8221;) di social network dei seguenti provider:<\/p>\n\n\n\n<p>1.&nbsp;&nbsp;Facebook.com gestito da Facebook Inc., 1601 S. California Ave, Palo Alto, CA 94304, USA, (&#8220;Facebook&#8221;). Il plug-in \u00e8 riconoscibile mediante il logo facebook (<a href=\"http:\/\/facebook.com\/\">http:\/\/facebook.com\/<\/a>) e la relativa normativa privacy \u00e8 disponibile ai seguenti indirizzi:<\/p>\n\n\n\n<p><a href=\"https:\/\/www.facebook.com\/help\/cookies\/?ref=sitefooter\">https:\/\/www.facebook.com\/help\/cookies\/?ref=sitefooter<\/a><\/p>\n\n\n\n<p><a href=\"https:\/\/fbcdn-dragon-a.akamaihd.net\/hphotos-ak-xpa1\/t39.2365-6\/851576_193932070769264_1415834022_n.pdf\">https:\/\/fbcdn-dragon-a.akamaihd.net\/hphotos-ak-xpa1\/t39.2365-6\/851576_193932070769264_1415834022_n.pdf<\/a><\/p>\n\n\n\n<p>2. Twitter.com gestito da Twitter Inc., 795 Folsom Street, Suite 600, San Francisco, CA 94107, USA, (&#8220;Twitter&#8221;). Il plug-in \u00e8 riconoscibile mediante il logo Twitter. (<a href=\"http:\/\/twitter.com\">http:\/\/twitter.com<\/a>) e la relativa normativa privacy \u00e8 disponibile ai seguenti indirizzi:<\/p>\n\n\n\n<p><a href=\"http:\/\/twitter.com\">http:\/\/twitter.com<\/a><\/p>\n\n\n\n<p>3. Linkedin.com gestito da LinkedIn Corporation, 2029 Stierlin Court, Mountain View,CA 94043, USA. Il plug-in \u00e8 riconoscibile mediante il logo Linkedin (<a href=\"http:\/\/linkedin.com\/\">http:\/\/linkedin.com\/<\/a>) e la relativa normativa privacy \u00e8 disponibile ai seguenti indirizzi:<\/p>\n\n\n\n<p><a href=\"https:\/\/www.linkedin.com\/legal\/cookie-policy?trk=hb_ft_cookie\">https:\/\/www.linkedin.com\/legal\/cookie-policy?trk=hb_ft_cookie<\/a><\/p>\n\n\n\n<p>4.&nbsp;Google.com gestito da Google Inc. 1600 Amphitheatre Parkway, Mountain View, CA 94043 Il plug-in \u00e8 riconoscibile mediante il logo Google + (<a href=\"http:\/\/google.com\/\">http:\/\/google.com\/<\/a>) e la relativa normativa privacy \u00e8 disponibile ai seguenti indirizzi:<\/p>\n\n\n\n<p><a href=\"http:\/\/www.google.com\/intl\/it\/policies\/technologies\/types\/\">http:\/\/www.google.com\/intl\/it\/policies\/technologies\/types\/<\/a><\/p>\n\n\n\n<p><a href=\"https:\/\/developers.google.com\/analytics\/devguides\/collection\/analyticsjs\/cookie-usage\">https:\/\/developers.google.com\/analytics\/devguides\/collection\/analyticsjs\/cookie-usage<\/a><\/p>\n\n\n\n<p>5. YouTube gestito da Google Inc. 1600 Amphitheatre Parkway, Mountain View, CA 94043 Il plug-in \u00e8 riconoscibile mediante il logo Google + ( http:\/\/google.com\/ ) e la relativa normativa privacy \u00e8 disponibile ai seguenti indirizzi: <a href=\"https:\/\/www.google.it\/intl\/it\/policies\/privacy\/\">https:\/\/www.google.it\/intl\/it\/policies\/privacy\/<\/a><\/p>\n\n\n\n<p>6.Instagram gestito da Facebook Inc., 1601 S. California Ave, Palo Alto, CA 94304, USA, (\u201cFacebook\u201d). Il plug-in \u00e8 riconoscibile mediante il logo Instagram (http:\/\/instagram.com\/) e la relativa normativa privacy \u00e8 disponibile ai seguenti indirizzi: https:\/\/instagram.com\/about\/legal\/privacy\/;<br><\/p>\n\n\n\n<p><strong>2.1.4&nbsp;&nbsp; Come disabilitare i cookie<\/strong><\/p>\n\n\n\n<ul><li>Per disabilitare tutti i cookie<\/li><\/ul>\n\n\n\n<p>I cookie tecnici sono installati direttamente e, poich\u00e9 non vengono utilizzati per scopi ulteriori rispetto a quelli funzionali sopra descritti la loro installazione, non richiedono il tuo consenso. I cookie di profilazione sebbene utilizzati limitatamente alle funzionalit\u00e0 sopra descritte e non per finalit\u00e0 di marketing\/pubblicit\u00e0 necessitano del tuo consenso, in linea con quanto previsto dalla normativa privacy in vigore. Qualora decida di non autorizzare lo CSEN al trattamento dei dati, non potrai procedere oltre nella navigazione. Laddove non effettuassi alcuna scelta e decidessi di proseguire comunque con la navigazione all\u2019interno del presente sito web, acconsentirai all\u2019uso di tali cookie. Si forniscono di seguito i link che spiegano come disabilitare i cookie per i browser pi\u00f9 diffusi (per altri browser eventualmente utilizzati suggeriamo di cercare questa opzione nell\u2019help del software).<\/p>\n\n\n\n<p>Internet Explorer:&nbsp;<a href=\"http:\/\/windows.microsoft.com\/it-it\/internet-explorer\/delete-manage-cookies#ie=ie-11\">http:\/\/windows.microsoft.com\/it-it\/internet-explorer\/delete-manage-cookies#ie=ie-11<\/a><\/p>\n\n\n\n<p>Google Chrome:&nbsp;&nbsp;<a href=\"https:\/\/support.google.com\/chrome\/answer\/95647?hl=it\">https:\/\/support.google.com\/chrome\/answer\/95647?hl=it<\/a><\/p>\n\n\n\n<p>Mozilla Firefox:&nbsp;&nbsp;\t<a href=\"http:\/\/support.mozilla.org\/it\/kb\/Gestione%20dei%20cookie?redirectlocale=en-US&amp;redirectslug=Cookies\">http:\/\/support.mozilla.org\/it\/kb\/Gestione%20dei%20cookie?redirectlocale=en-US&amp;redirectslug=Cookies<\/a><\/p>\n\n\n\n<p>Opera:&nbsp;&nbsp;\t<a href=\"http:\/\/help.opera.com\/Windows\/10.00\/it\/cookies.html\">http:\/\/help.opera.com\/Windows\/10.00\/it\/cookies.html<\/a><\/p>\n\n\n\n<p>Apple Safari:&nbsp;&nbsp;\t<a href=\"https:\/\/support.apple.com\/kb\/PH19214?locale=it_IT\">https:\/\/support.apple.com\/kb\/PH19214?locale=it_IT<\/a><\/p>\n\n\n\n<ul><li>Per disabilitare soltanto i cookie di&nbsp;Google Analytics<\/li><\/ul>\n\n\n\n<p>In alternativa \u00e8 possibile disabilitare soltanto i cookie di&nbsp;Google Analytics, utilizzando il&nbsp;&nbsp;<a href=\"https:\/\/tools.google.com\/dlpage\/gaoptout?hl=it\">componente aggiuntivo<\/a>&nbsp;di opt-out fornito da Google per i browser principali. In questo modo sar\u00e0 possibile utilizzare anche i servizi on-line dei siti di CSEN.&nbsp;<\/p>\n\n\n\n<ul><li>Per cancellare cookie gi\u00e0 memorizzati sul terminale<\/li><\/ul>\n\n\n\n<p>Anche se viene revocata l\u2019autorizzazione all\u2019utilizzo di cookie di terze parti, prima di tale revoca i cookie potrebbero essere stati memorizzati sul terminale dell\u2019utente. Per motivi tecnici non \u00e8 possibile cancellare tali cookie, tuttavia il browser dell\u2019utente consente la loro eliminazione tra le impostazioni sulla privacy. Le opzioni del browser contengono infatti l\u2019opzione \u201cCancella dati di navigazione\u201d pu\u00f2 essere utilizzata per eliminare i cookies, dati di siti e plug-in.&nbsp;<br><\/p>\n\n\n\n<p><strong><em>2.2 Dati forniti volontariamente dall\u2019utente<\/em><\/strong><\/p>\n\n\n\n<p>L&#8217;invio facoltativo, esplicito e volontario di posta elettronica, messaggi o qualsiasi tipo di comunicazioni indirizzi, recapiti indicati su questo Sito comporta la successiva acquisizione dell&#8217;indirizzo del mittente o di eventuali altri dati personali che saranno utilizzati per rispondere alle richieste. Si assicura, che tale trattamento sar\u00e0 improntato ai principi di correttezza, liceit\u00e0 e trasparenza e di tutela della riservatezza in accordo con quanto previsto dal Regolamento UE 679\/2016 (nel seguito \u201cGDPR\u201d). Una specifica informativa \u00e8 riportata all\u2019indirizzo <a href=\"http:\/\/www.csen.it\/privacy.html\">http:\/\/www.csen.it\/privacy.html<\/a><br><\/p>\n\n\n\n<p><\/p>\n","protected":false},"excerpt":{"rendered":"<p>Privacy CSEN http:\/\/www.csen.it\/privacy.html COOKIE POLICY Modalit\u00e0 di gestione del sito in riferimento al trattamento dei dati personali degli utenti che<\/p>\n","protected":false},"author":1,"featured_media":0,"parent":0,"menu_order":0,"comment_status":"closed","ping_status":"closed","template":"","meta":[],"folder":[],"yoast_head":"<!-- This site is optimized with the Yoast SEO plugin v15.6.2 - https:\/\/yoast.com\/wordpress\/plugins\/seo\/ -->\n<title>Privacy e Cookie policy - CSEN Settore Nazionale Tiro con l&#039;Arco<\/title>\n<meta name=\"robots\" content=\"index, follow, max-snippet:-1, max-image-preview:large, max-video-preview:-1\" \/>\n<link rel=\"canonical\" href=\"https:\/\/www.csenarchery.org\/index.php\/privacy-e-cookie-policy\/\" \/>\n<meta property=\"og:locale\" content=\"it_IT\" \/>\n<meta property=\"og:type\" content=\"article\" \/>\n<meta property=\"og:title\" content=\"Privacy e Cookie policy - CSEN Settore Nazionale Tiro con l&#039;Arco\" \/>\n<meta property=\"og:description\" content=\"Privacy CSEN http:\/\/www.csen.it\/privacy.html COOKIE POLICY Modalit\u00e0 di gestione del sito in riferimento al trattamento dei dati personali degli utenti che\" \/>\n<meta property=\"og:url\" content=\"https:\/\/www.csenarchery.org\/index.php\/privacy-e-cookie-policy\/\" \/>\n<meta property=\"og:site_name\" content=\"CSEN Settore Nazionale Tiro con l&#039;Arco\" \/>\n<meta property=\"article:modified_time\" content=\"2020-02-27T21:42:00+00:00\" \/>\n<meta name=\"twitter:card\" content=\"summary_large_image\" \/>\n<meta name=\"twitter:label1\" content=\"Tempo di lettura stimato\">\n\t<meta name=\"twitter:data1\" content=\"7 minuti\">\n<script type=\"application\/ld+json\" class=\"yoast-schema-graph\">{\"@context\":\"https:\/\/schema.org\",\"@graph\":[{\"@type\":\"Organization\",\"@id\":\"https:\/\/www.csenarchery.org\/#organization\",\"name\":\"Csen Archery\",\"url\":\"https:\/\/www.csenarchery.org\/\",\"sameAs\":[],\"logo\":{\"@type\":\"ImageObject\",\"@id\":\"https:\/\/www.csenarchery.org\/#logo\",\"inLanguage\":\"it-IT\",\"url\":\"\",\"caption\":\"Csen Archery\"},\"image\":{\"@id\":\"https:\/\/www.csenarchery.org\/#logo\"}},{\"@type\":\"WebSite\",\"@id\":\"https:\/\/www.csenarchery.org\/#website\",\"url\":\"https:\/\/www.csenarchery.org\/\",\"name\":\"CSEN Settore Nazionale Tiro con l&#039;Arco\",\"description\":\"\",\"publisher\":{\"@id\":\"https:\/\/www.csenarchery.org\/#organization\"},\"potentialAction\":[{\"@type\":\"SearchAction\",\"target\":\"https:\/\/www.csenarchery.org\/?s={search_term_string}\",\"query-input\":\"required name=search_term_string\"}],\"inLanguage\":\"it-IT\"},{\"@type\":\"WebPage\",\"@id\":\"https:\/\/www.csenarchery.org\/index.php\/privacy-e-cookie-policy\/#webpage\",\"url\":\"https:\/\/www.csenarchery.org\/index.php\/privacy-e-cookie-policy\/\",\"name\":\"Privacy e Cookie policy - CSEN Settore Nazionale Tiro con l&#039;Arco\",\"isPartOf\":{\"@id\":\"https:\/\/www.csenarchery.org\/#website\"},\"datePublished\":\"2020-02-27T21:41:59+00:00\",\"dateModified\":\"2020-02-27T21:42:00+00:00\",\"breadcrumb\":{\"@id\":\"https:\/\/www.csenarchery.org\/index.php\/privacy-e-cookie-policy\/#breadcrumb\"},\"inLanguage\":\"it-IT\",\"potentialAction\":[{\"@type\":\"ReadAction\",\"target\":[\"https:\/\/www.csenarchery.org\/index.php\/privacy-e-cookie-policy\/\"]}]},{\"@type\":\"BreadcrumbList\",\"@id\":\"https:\/\/www.csenarchery.org\/index.php\/privacy-e-cookie-policy\/#breadcrumb\",\"itemListElement\":[{\"@type\":\"ListItem\",\"position\":1,\"item\":{\"@type\":\"WebPage\",\"@id\":\"https:\/\/www.csenarchery.org\/\",\"url\":\"https:\/\/www.csenarchery.org\/\",\"name\":\"Home\"}},{\"@type\":\"ListItem\",\"position\":2,\"item\":{\"@type\":\"WebPage\",\"@id\":\"https:\/\/www.csenarchery.org\/index.php\/privacy-e-cookie-policy\/\",\"url\":\"https:\/\/www.csenarchery.org\/index.php\/privacy-e-cookie-policy\/\",\"name\":\"Privacy e Cookie policy\"}}]}]}<\/script>\n<!-- \/ Yoast SEO plugin. -->","_links":{"self":[{"href":"https:\/\/www.csenarchery.org\/index.php\/wp-json\/wp\/v2\/pages\/623"}],"collection":[{"href":"https:\/\/www.csenarchery.org\/index.php\/wp-json\/wp\/v2\/pages"}],"about":[{"href":"https:\/\/www.csenarchery.org\/index.php\/wp-json\/wp\/v2\/types\/page"}],"author":[{"embeddable":true,"href":"https:\/\/www.csenarchery.org\/index.php\/wp-json\/wp\/v2\/users\/1"}],"replies":[{"embeddable":true,"href":"https:\/\/www.csenarchery.org\/index.php\/wp-json\/wp\/v2\/comments?post=623"}],"version-history":[{"count":0,"href":"https:\/\/www.csenarchery.org\/index.php\/wp-json\/wp\/v2\/pages\/623\/revisions"}],"wp:attachment":[{"href":"https:\/\/www.csenarchery.org\/index.php\/wp-json\/wp\/v2\/media?parent=623"}],"wp:term":[{"taxonomy":"folder","embeddable":true,"href":"https:\/\/www.csenarchery.org\/index.php\/wp-json\/wp\/v2\/folder?post=623"}],"curies":[{"name":"wp","href":"https:\/\/api.w.org\/{rel}","templated":true}]}}