{"id":679,"date":"2020-03-03T15:50:08","date_gmt":"2020-03-03T14:50:08","guid":{"rendered":"https:\/\/www.csenarchery.org\/?page_id=679"},"modified":"2023-03-07T19:12:12","modified_gmt":"2023-03-07T18:12:12","slug":"comunicazioni-di-p-s","status":"publish","type":"page","link":"https:\/\/www.csenarchery.org\/index.php\/comunicazioni-di-p-s\/","title":{"rendered":"Comunicazioni alle Autorit\u00e0 di P.S. e Municipali"},"content":{"rendered":"\n<p><strong>Gare, manifestazioni, eventi in genere. <\/strong>Il Testo Unico Leggi Pubblica Sicurezza prevede che, in caso di riunioni in luogo pubblico, gli organizzatori debbano darne <strong>preavviso<\/strong> al Questore. Cosa si intende per riunione in luogo pubblico ? Si intendono tutte le iniziative di tipo politico, sociale, ricreativo, religioso, <strong>ludico o sportivo<\/strong> che, <strong>svolgendosi in luogo pubblico, comportano la presenza di gruppi di persone<\/strong>: in tali casi le Autorit\u00e0 Pubbliche (di PS e quella Amministrativa) devono essere messe preventivamente al corrente di queste iniziative. <strong>Non si tratta di chiedere un&#8217;autorizzazione, bens\u00ec semplicemente di preavvisare<\/strong>. Questo obbligo di preavviso non vige per i SOLI comizi elettorali e per i funerali, mentre \u00e8 sostanzialmente obbligatorio per tutte le altre tiptologie di riunioni in luogo pubblico. <strong>L\u2019omissione del preavviso comporta per l&#8217;organizzatore sanzioni penali ed amministrative.<\/strong><\/p>\n\n\n\n<p><strong>QUANDO E COME DARE IL PREAVVISO. <\/strong>La Legge prevede che il preavviso debba essere dato <strong>almeno tre giorni prima della manifestazione\/evento.<\/strong> E&#8217;, peraltro, preferibile che gli organizzatori mandino la comunicazione non appena abbiano la sicurezza circa la data del suo svolgimento anche per eventuali servizi di competenza delle Forze dell&#8217;Ordine. Si rammenta che ai sensi dell\u2019art. 18 e ss del T.U.L.P.S. il Questore, per ragioni di ordine pubblico, moralit\u00e0 e sanit\u00e0 pubblica, potr\u00e0 impartire prescrizioni sui modi e tempi di svolgimento della manifestazione. L\u2019organizzatore dovr\u00e0 fornire&nbsp; tutte le informazioni possibili sul tipo di manifestazione, quali giorno, ora, luogo, percorso e oggetto dell\u2019evento, indicando anche il numero approssimativo dei partecipanti. <\/p>\n\n\n\n<div class=\"wp-block-file\"><a href=\"https:\/\/www.csenarchery.org\/wp-content\/uploads\/2021\/05\/preavviso-di-pubblica-manifestazione_mod95.pdf\">preavviso-di-pubblica-manifestazione_mod95<\/a><a href=\"https:\/\/www.csenarchery.org\/wp-content\/uploads\/2021\/05\/preavviso-di-pubblica-manifestazione_mod95.pdf\" class=\"wp-block-file__button\" download>Download<\/a><\/div>\n\n\n\n<p><strong>Inoltre <\/strong>per le manifestazioni <strong>sportive, a carattere educativo, senza finalit\u00e0 di lucro<\/strong>, deve <strong>anche<\/strong> essere data comunicazione <strong>al Sindaco<\/strong> del comune in cui essa si svolge.  L&#8217;obbligo di preavvisare permane anche per le feste, gli spettacoli, le manifestazioni sportive, etc. per le quali \u00e8 obbligatorio conseguire eventuali ulteriori autorizzazioni amministrative di vario genere.<\/p>\n\n\n\n<div class=\"wp-block-file\"><a href=\"https:\/\/www.csenarchery.org\/wp-content\/uploads\/2023\/03\/esempio-comunicazione_comunale.doc\">esempio-comunicazione_comunale<\/a><a href=\"https:\/\/www.csenarchery.org\/wp-content\/uploads\/2023\/03\/esempio-comunicazione_comunale.doc\" class=\"wp-block-file__button\" download>Download<\/a><\/div>\n\n\n\n<p><strong>In genere le comunicazioni saranno quindi DUE: UNA all\u2019Autorit\u00e0 di PS ed UNA alle Autorit\u00e0 Comunali<\/strong>. <\/p>\n\n\n\n<p>La <strong>PRIMA<\/strong> con preavviso che potr\u00e0 essere (a\nseconda dei casi e\/o di dove viene organizzato l\u2019evento):<\/p>\n\n\n\n<ol><li>consegnato all\u2019Ufficio di Gabinetto della Questura competente; oppure<\/li><li>trasmesso via pec \/ e-mail all\u2019indirizzo che vi verr\u00e0 specificato dall\u2019autorit\u00e0 competente; oppure<\/li><li>consegnato presso un dato Commissariato; oppure ancora<\/li><li>presentato presso la Stazione dei Carabinieri o agli Uffici dello stesso Comune, ove si svolger\u00e0 la      manifestazione.<\/li><\/ol>\n\n\n\n<p>La <strong>SECONDA <\/strong>con comunicazione depositata presso le Autorit\u00e0 Comunali di dove si svolger\u00e0 l\u2019evento (in genere l\u2019ufficio protocollo). Suggeriamo, comunque, di contattare presto le Autorit\u00e0 Comunali di dove si svolger\u00e0 l\u2019evento (<strong>ben prima del deposito della comunicazione<\/strong>) per coordinarvi anche con queste. Scoprirete che, spesso, tutte le attivit\u00e0 \u201cburocratiche\u201d (incluse quelle di cui sopra) risulteranno notevolmente semplificate e, in alcuni casi, automatizzate.<\/p>\n\n\n\n<p><\/p>\n\n\n\n<p>NORMATIVA DI RIFERIMENTO: Artt. 18 e 68 R.D. 773\/31 TULPS, Art 123 R.D.\n635\/1940 Regolamento di Esecuzione del TULPS.<\/p>\n","protected":false},"excerpt":{"rendered":"<p>Gare, manifestazioni, eventi in genere. Il Testo Unico Leggi Pubblica Sicurezza prevede che, in caso di riunioni in luogo pubblico,<\/p>\n","protected":false},"author":1,"featured_media":0,"parent":0,"menu_order":0,"comment_status":"closed","ping_status":"closed","template":"","meta":[],"folder":[],"yoast_head":"<!-- This site is optimized with the Yoast SEO plugin v15.6.2 - https:\/\/yoast.com\/wordpress\/plugins\/seo\/ -->\n<title>Comunicazioni alle Autorit\u00e0 di P.S. e Municipali - CSEN Settore Nazionale Tiro con l&#039;Arco<\/title>\n<meta name=\"robots\" content=\"index, follow, max-snippet:-1, max-image-preview:large, max-video-preview:-1\" \/>\n<link rel=\"canonical\" href=\"https:\/\/www.csenarchery.org\/index.php\/comunicazioni-di-p-s\/\" \/>\n<meta property=\"og:locale\" content=\"it_IT\" \/>\n<meta property=\"og:type\" content=\"article\" \/>\n<meta property=\"og:title\" content=\"Comunicazioni alle Autorit\u00e0 di P.S. e Municipali - CSEN Settore Nazionale Tiro con l&#039;Arco\" \/>\n<meta property=\"og:description\" content=\"Gare, manifestazioni, eventi in genere. Il Testo Unico Leggi Pubblica Sicurezza prevede che, in caso di riunioni in luogo pubblico,\" \/>\n<meta property=\"og:url\" content=\"https:\/\/www.csenarchery.org\/index.php\/comunicazioni-di-p-s\/\" \/>\n<meta property=\"og:site_name\" content=\"CSEN Settore Nazionale Tiro con l&#039;Arco\" \/>\n<meta property=\"article:modified_time\" content=\"2023-03-07T18:12:12+00:00\" \/>\n<meta name=\"twitter:card\" content=\"summary_large_image\" \/>\n<meta name=\"twitter:label1\" content=\"Tempo di lettura stimato\">\n\t<meta name=\"twitter:data1\" content=\"2 minuti\">\n<script type=\"application\/ld+json\" class=\"yoast-schema-graph\">{\"@context\":\"https:\/\/schema.org\",\"@graph\":[{\"@type\":\"Organization\",\"@id\":\"https:\/\/www.csenarchery.org\/#organization\",\"name\":\"Csen Archery\",\"url\":\"https:\/\/www.csenarchery.org\/\",\"sameAs\":[],\"logo\":{\"@type\":\"ImageObject\",\"@id\":\"https:\/\/www.csenarchery.org\/#logo\",\"inLanguage\":\"it-IT\",\"url\":\"\",\"caption\":\"Csen Archery\"},\"image\":{\"@id\":\"https:\/\/www.csenarchery.org\/#logo\"}},{\"@type\":\"WebSite\",\"@id\":\"https:\/\/www.csenarchery.org\/#website\",\"url\":\"https:\/\/www.csenarchery.org\/\",\"name\":\"CSEN Settore Nazionale Tiro con l&#039;Arco\",\"description\":\"\",\"publisher\":{\"@id\":\"https:\/\/www.csenarchery.org\/#organization\"},\"potentialAction\":[{\"@type\":\"SearchAction\",\"target\":\"https:\/\/www.csenarchery.org\/?s={search_term_string}\",\"query-input\":\"required name=search_term_string\"}],\"inLanguage\":\"it-IT\"},{\"@type\":\"WebPage\",\"@id\":\"https:\/\/www.csenarchery.org\/index.php\/comunicazioni-di-p-s\/#webpage\",\"url\":\"https:\/\/www.csenarchery.org\/index.php\/comunicazioni-di-p-s\/\",\"name\":\"Comunicazioni alle Autorit\\u00e0 di P.S. e Municipali - CSEN Settore Nazionale Tiro con l&#039;Arco\",\"isPartOf\":{\"@id\":\"https:\/\/www.csenarchery.org\/#website\"},\"datePublished\":\"2020-03-03T14:50:08+00:00\",\"dateModified\":\"2023-03-07T18:12:12+00:00\",\"breadcrumb\":{\"@id\":\"https:\/\/www.csenarchery.org\/index.php\/comunicazioni-di-p-s\/#breadcrumb\"},\"inLanguage\":\"it-IT\",\"potentialAction\":[{\"@type\":\"ReadAction\",\"target\":[\"https:\/\/www.csenarchery.org\/index.php\/comunicazioni-di-p-s\/\"]}]},{\"@type\":\"BreadcrumbList\",\"@id\":\"https:\/\/www.csenarchery.org\/index.php\/comunicazioni-di-p-s\/#breadcrumb\",\"itemListElement\":[{\"@type\":\"ListItem\",\"position\":1,\"item\":{\"@type\":\"WebPage\",\"@id\":\"https:\/\/www.csenarchery.org\/\",\"url\":\"https:\/\/www.csenarchery.org\/\",\"name\":\"Home\"}},{\"@type\":\"ListItem\",\"position\":2,\"item\":{\"@type\":\"WebPage\",\"@id\":\"https:\/\/www.csenarchery.org\/index.php\/comunicazioni-di-p-s\/\",\"url\":\"https:\/\/www.csenarchery.org\/index.php\/comunicazioni-di-p-s\/\",\"name\":\"Comunicazioni alle Autorit\\u00e0 di P.S. e Municipali\"}}]}]}<\/script>\n<!-- \/ Yoast SEO plugin. -->","_links":{"self":[{"href":"https:\/\/www.csenarchery.org\/index.php\/wp-json\/wp\/v2\/pages\/679"}],"collection":[{"href":"https:\/\/www.csenarchery.org\/index.php\/wp-json\/wp\/v2\/pages"}],"about":[{"href":"https:\/\/www.csenarchery.org\/index.php\/wp-json\/wp\/v2\/types\/page"}],"author":[{"embeddable":true,"href":"https:\/\/www.csenarchery.org\/index.php\/wp-json\/wp\/v2\/users\/1"}],"replies":[{"embeddable":true,"href":"https:\/\/www.csenarchery.org\/index.php\/wp-json\/wp\/v2\/comments?post=679"}],"version-history":[{"count":2,"href":"https:\/\/www.csenarchery.org\/index.php\/wp-json\/wp\/v2\/pages\/679\/revisions"}],"predecessor-version":[{"id":2368,"href":"https:\/\/www.csenarchery.org\/index.php\/wp-json\/wp\/v2\/pages\/679\/revisions\/2368"}],"wp:attachment":[{"href":"https:\/\/www.csenarchery.org\/index.php\/wp-json\/wp\/v2\/media?parent=679"}],"wp:term":[{"taxonomy":"folder","embeddable":true,"href":"https:\/\/www.csenarchery.org\/index.php\/wp-json\/wp\/v2\/folder?post=679"}],"curies":[{"name":"wp","href":"https:\/\/api.w.org\/{rel}","templated":true}]}}