{"id":753,"date":"2020-03-09T16:20:08","date_gmt":"2020-03-09T15:20:08","guid":{"rendered":"https:\/\/www.csenarchery.org\/?page_id=753"},"modified":"2022-12-11T21:37:27","modified_gmt":"2022-12-11T20:37:27","slug":"progetto-speciale-arkan-tiro-dinamico-con-larco","status":"publish","type":"page","link":"https:\/\/www.csenarchery.org\/index.php\/progetto-speciale-arkan-tiro-dinamico-con-larco\/","title":{"rendered":"PROGETTO ARKAN\u00ae Tiro Dinamico con l&#8217;Arco"},"content":{"rendered":"\n<p><strong>CSEN Nazionale riconosce ufficialmente PROGETTO ARKAN\u00ae come <em>Specialit\u00e0 Associata<\/em> al suo Settore Nazionale Tiro con l&#8217;Arco, affidandogli l&#8217;esclusiva di svolge ogni attivit\u00e0 di Tiro Dinamico con l&#8217;Arco (e pi\u00f9 in generale legate agli <em>ark\u0101n) <\/em><strong>all&#8217;interno dell&#8217;intero Ente<\/strong>.<\/strong> Regolamenti e documenti relativi a PROGETTO ARKAN\u00ae Tiro Dinamico con l&#8217;Arco sono approvati dal CSEN e dal suo Settore Nazionale Tiro con l&#8217;Arco ai sensi della lettera C) punto 4) del Regolamento Organico dello CSEN nonch\u00e9 ai sensi di quanto previsto ai punti 1) e 2) della lettera a) dell\u2019art. 2 comma 1. del Regolamento EPS del CONI. <\/p>\n\n\n\n<p><a rel=\"noreferrer noopener\" href=\"https:\/\/www.progettoarkan.it\/collaborazione-con-csen\/\" target=\"_blank\"><strong>convenzione CSEN &#8211; PROGETTO-ARK\u0100N\u00ae<\/strong><\/a><\/p>\n\n\n\n<p><a rel=\"noreferrer noopener\" href=\"https:\/\/www.progettoarkan.it\/regolamenti\/\" target=\"_blank\"><strong>Regolamento Tecnico-Sportivo PROGETTO ARK\u0100N\u00ae Tiro Dinamico con l&#8217;Arco<\/strong><\/a><\/p>\n\n\n\n<p><strong>Calendari e Classifiche: vedi pagina &#8220;Archivio&#8221; sul sito <a rel=\"noreferrer noopener\" href=\"https:\/\/www.progettoarkan.it\/\" target=\"_blank\">https:\/\/progettoarkan.it<\/a><\/strong><\/p>\n\n\n\n<p><a rel=\"noreferrer noopener\" href=\"https:\/\/www.csenarchery.org\/wp-content\/uploads\/2020\/08\/appendice-PROGETTO-ARK%C4%80N%C2%AE-al-protocollo-covid-19-CSEN-ARCHERY.pdf\" target=\"_blank\"><strong>Appendice PROGETTO-ARK\u0100N\u00ae relativa al protocollo Covid-19 CSEN ARCHERY<\/strong><\/a><\/p>\n\n\n\n<div style=\"height:30px\" aria-hidden=\"true\" class=\"wp-block-spacer\"><\/div>\n\n\n\n<p><strong><em>facebook<\/em>: <a href=\"https:\/\/www.facebook.com\/progettoarkan\">https:\/\/www.facebook.com\/progettoarkan<\/a><\/strong> <strong>(attivit\u00e0, media, eccetera)<\/strong><\/p>\n\n\n\n<p><strong>Contatti PROGETTO ARK\u0100N\u00ae: 348.0936849 <\/strong>(<em>Marco Mustardino<\/em>, ideatore e responsabile) <strong>&#8211; owl.marco@gmail.com                                                    <\/strong><\/p>\n\n\n\n<div style=\"height:60px\" aria-hidden=\"true\" class=\"wp-block-spacer\"><\/div>\n\n\n\n<p class=\"has-small-font-size\"><em>Si ricorda che \u00e8 fatto <\/em><strong>divieto<\/strong><em> organizzare<\/em> \u2013 all\u2019interno del sistema CSEN e\/o facendo uso diretto od indiretto del logo e\/o del nome e\/o logo CSEN \u2013 <em>attivit\u00e0 dilettantistiche<\/em> motorie-sportive-amatoriali seppur competitive e\/o di avviamento alla pratica sportiva, relative al Tiro con l\u2019Arco, che siano <strong>diverse <\/strong>da quelle previste dal Settore Nazionale Tiro con l&#8217;Arco CSEN (comprese quelle delle Specialit\u00e0 Associate) e\/o che non rispettino quanto previsto dai documenti dallo stesso richiamati, fatte salve eventuali specifiche deroghe previamente concesse di volta in volta dal Settore Nazionale Tiro con l&#8217;Arco CSEN e\/o dal CSEN Nazionale, per specifici eventi.<\/p>\n","protected":false},"excerpt":{"rendered":"<p>CSEN Nazionale riconosce ufficialmente PROGETTO ARKAN\u00ae come Specialit\u00e0 Associata al suo Settore Nazionale Tiro con l&#8217;Arco, affidandogli l&#8217;esclusiva di svolge<\/p>\n","protected":false},"author":18,"featured_media":0,"parent":0,"menu_order":0,"comment_status":"closed","ping_status":"closed","template":"","meta":[],"folder":[],"yoast_head":"<!-- This site is optimized with the Yoast SEO plugin v15.6.2 - https:\/\/yoast.com\/wordpress\/plugins\/seo\/ -->\n<title>PROGETTO ARKAN\u00ae Tiro Dinamico con l&#039;Arco - CSEN Settore Nazionale Tiro con l&#039;Arco<\/title>\n<meta name=\"robots\" content=\"index, follow, max-snippet:-1, max-image-preview:large, max-video-preview:-1\" \/>\n<link rel=\"canonical\" href=\"https:\/\/www.csenarchery.org\/index.php\/progetto-speciale-arkan-tiro-dinamico-con-larco\/\" \/>\n<meta property=\"og:locale\" content=\"it_IT\" \/>\n<meta property=\"og:type\" content=\"article\" \/>\n<meta property=\"og:title\" content=\"PROGETTO ARKAN\u00ae Tiro Dinamico con l&#039;Arco - CSEN Settore Nazionale Tiro con l&#039;Arco\" \/>\n<meta property=\"og:description\" content=\"CSEN Nazionale riconosce ufficialmente PROGETTO ARKAN\u00ae come Specialit\u00e0 Associata al suo Settore Nazionale Tiro con l&#8217;Arco, affidandogli l&#8217;esclusiva di svolge\" \/>\n<meta property=\"og:url\" content=\"https:\/\/www.csenarchery.org\/index.php\/progetto-speciale-arkan-tiro-dinamico-con-larco\/\" \/>\n<meta property=\"og:site_name\" content=\"CSEN Settore Nazionale Tiro con l&#039;Arco\" \/>\n<meta property=\"article:modified_time\" content=\"2022-12-11T20:37:27+00:00\" \/>\n<meta name=\"twitter:card\" content=\"summary_large_image\" \/>\n<meta name=\"twitter:label1\" content=\"Tempo di lettura stimato\">\n\t<meta name=\"twitter:data1\" content=\"2 minuti\">\n<script type=\"application\/ld+json\" class=\"yoast-schema-graph\">{\"@context\":\"https:\/\/schema.org\",\"@graph\":[{\"@type\":\"Organization\",\"@id\":\"https:\/\/www.csenarchery.org\/#organization\",\"name\":\"Csen Archery\",\"url\":\"https:\/\/www.csenarchery.org\/\",\"sameAs\":[],\"logo\":{\"@type\":\"ImageObject\",\"@id\":\"https:\/\/www.csenarchery.org\/#logo\",\"inLanguage\":\"it-IT\",\"url\":\"\",\"caption\":\"Csen Archery\"},\"image\":{\"@id\":\"https:\/\/www.csenarchery.org\/#logo\"}},{\"@type\":\"WebSite\",\"@id\":\"https:\/\/www.csenarchery.org\/#website\",\"url\":\"https:\/\/www.csenarchery.org\/\",\"name\":\"CSEN Settore Nazionale Tiro con l&#039;Arco\",\"description\":\"\",\"publisher\":{\"@id\":\"https:\/\/www.csenarchery.org\/#organization\"},\"potentialAction\":[{\"@type\":\"SearchAction\",\"target\":\"https:\/\/www.csenarchery.org\/?s={search_term_string}\",\"query-input\":\"required name=search_term_string\"}],\"inLanguage\":\"it-IT\"},{\"@type\":\"WebPage\",\"@id\":\"https:\/\/www.csenarchery.org\/index.php\/progetto-speciale-arkan-tiro-dinamico-con-larco\/#webpage\",\"url\":\"https:\/\/www.csenarchery.org\/index.php\/progetto-speciale-arkan-tiro-dinamico-con-larco\/\",\"name\":\"PROGETTO ARKAN\\u00ae Tiro Dinamico con l'Arco - CSEN Settore Nazionale Tiro con l&#039;Arco\",\"isPartOf\":{\"@id\":\"https:\/\/www.csenarchery.org\/#website\"},\"datePublished\":\"2020-03-09T15:20:08+00:00\",\"dateModified\":\"2022-12-11T20:37:27+00:00\",\"breadcrumb\":{\"@id\":\"https:\/\/www.csenarchery.org\/index.php\/progetto-speciale-arkan-tiro-dinamico-con-larco\/#breadcrumb\"},\"inLanguage\":\"it-IT\",\"potentialAction\":[{\"@type\":\"ReadAction\",\"target\":[\"https:\/\/www.csenarchery.org\/index.php\/progetto-speciale-arkan-tiro-dinamico-con-larco\/\"]}]},{\"@type\":\"BreadcrumbList\",\"@id\":\"https:\/\/www.csenarchery.org\/index.php\/progetto-speciale-arkan-tiro-dinamico-con-larco\/#breadcrumb\",\"itemListElement\":[{\"@type\":\"ListItem\",\"position\":1,\"item\":{\"@type\":\"WebPage\",\"@id\":\"https:\/\/www.csenarchery.org\/\",\"url\":\"https:\/\/www.csenarchery.org\/\",\"name\":\"Home\"}},{\"@type\":\"ListItem\",\"position\":2,\"item\":{\"@type\":\"WebPage\",\"@id\":\"https:\/\/www.csenarchery.org\/index.php\/progetto-speciale-arkan-tiro-dinamico-con-larco\/\",\"url\":\"https:\/\/www.csenarchery.org\/index.php\/progetto-speciale-arkan-tiro-dinamico-con-larco\/\",\"name\":\"PROGETTO ARKAN\\u00ae Tiro Dinamico con l&#8217;Arco\"}}]}]}<\/script>\n<!-- \/ Yoast SEO plugin. -->","_links":{"self":[{"href":"https:\/\/www.csenarchery.org\/index.php\/wp-json\/wp\/v2\/pages\/753"}],"collection":[{"href":"https:\/\/www.csenarchery.org\/index.php\/wp-json\/wp\/v2\/pages"}],"about":[{"href":"https:\/\/www.csenarchery.org\/index.php\/wp-json\/wp\/v2\/types\/page"}],"author":[{"embeddable":true,"href":"https:\/\/www.csenarchery.org\/index.php\/wp-json\/wp\/v2\/users\/18"}],"replies":[{"embeddable":true,"href":"https:\/\/www.csenarchery.org\/index.php\/wp-json\/wp\/v2\/comments?post=753"}],"version-history":[{"count":24,"href":"https:\/\/www.csenarchery.org\/index.php\/wp-json\/wp\/v2\/pages\/753\/revisions"}],"predecessor-version":[{"id":2330,"href":"https:\/\/www.csenarchery.org\/index.php\/wp-json\/wp\/v2\/pages\/753\/revisions\/2330"}],"wp:attachment":[{"href":"https:\/\/www.csenarchery.org\/index.php\/wp-json\/wp\/v2\/media?parent=753"}],"wp:term":[{"taxonomy":"folder","embeddable":true,"href":"https:\/\/www.csenarchery.org\/index.php\/wp-json\/wp\/v2\/folder?post=753"}],"curies":[{"name":"wp","href":"https:\/\/api.w.org\/{rel}","templated":true}]}}